{"id":30,"date":"2025-03-27T14:26:11","date_gmt":"2025-03-27T13:26:11","guid":{"rendered":"https:\/\/a-bot.cloud\/?page_id=30"},"modified":"2025-03-27T16:43:52","modified_gmt":"2025-03-27T15:43:52","slug":"a-tech","status":"publish","type":"page","link":"https:\/\/a-bot.cloud\/","title":{"rendered":"Home"},"content":{"rendered":"\n<p class=\"maxi-block--use-sc\"><\/p>\n\n\n\n<section class=\"wp-block-maxi-blocks-container-maxi maxi-block maxi-container-block maxi-light container-maxi-535b5035-u\" id=\"container-maxi-535b5035-u\"><div class=\"maxi-background-displayer\"><div class=\"maxi-background-displayer__layer maxi-background-displayer__1\"><\/div><\/div>\n<div class=\"wp-block-maxi-blocks-row-maxi maxi-block maxi-row-block maxi-light row-maxi-f4771a1a-u\" id=\"row-maxi-f4771a1a-u\">\n<div class=\"wp-block-maxi-blocks-column-maxi maxi-block maxi-column-block maxi-light column-maxi-16986d64-u\" id=\"column-maxi-16986d64-u\">\n<div class=\"wp-block-maxi-blocks-row-maxi maxi-block maxi-row-block maxi-light row-maxi-ec898097-u\" id=\"row-maxi-ec898097-u\">\n<div class=\"wp-block-maxi-blocks-column-maxi maxi-block maxi-column-block maxi-light column-maxi-d49a73fc-u\" id=\"column-maxi-d49a73fc-u\">\n<div class=\"wp-block-maxi-blocks-svg-icon-maxi maxi-block maxi-svg-icon-block maxi-light svg-icon-maxi-219edad2-u\" id=\"svg-icon-maxi-219edad2-u\"><div class=\"maxi-svg-icon-block__icon\"><svg class=\"brutalism-68-shape-maxi-svg__c3da0782\"   viewBox=\"0 0 36.1 36.1\"><path d=\"M.295.295v35.51h3.822V7.533h5.999V32.29h4.934V7.533h5.999V32.29h4.934V7.533h6v28.272h3.822V.295z\" data-fill fill=\"var(--maxi-light-icon-fill,rgba(var(--maxi-light-color-5,0,0,0),1))\"\/><\/svg><\/div><\/div>\n\n\n\n<div class=\"wp-block-maxi-blocks-text-maxi maxi-block maxi-text-block maxi-light text-maxi-96412253-u\" id=\"text-maxi-96412253-u\"><p class=\"maxi-text-block__content\">Seed investment<\/p><\/div>\n\n\n\n<div class=\"wp-block-maxi-blocks-text-maxi maxi-block maxi-text-block maxi-light text-maxi-1fcc0065-u\" id=\"text-maxi-1fcc0065-u\"><p class=\"maxi-text-block__content\"><\/p><\/div>\n\n\n\n<div class=\"wp-block-maxi-blocks-text-maxi maxi-block maxi-text-block maxi-light text-maxi-ce75efb8-u\" id=\"text-maxi-ce75efb8-u\"><p class=\"maxi-text-block__content\">Wir bei ITrox setzen auf innovative Technologien und skalierbare L\u00f6sungen. Durch strategische Seed-Investitionen sichern wir die langfristige Entwicklung und das Wachstum unseres Unternehmens. Wir suchen gezielt nach Partnerschaften, die unser Ziel unterst\u00fctzen, die digitale Zukunft zu gestalten und bahnbrechende IT-L\u00f6sungen auf den Markt zu bringen.<\/p><\/div>\n\n\n\n<div class=\"wp-block-maxi-blocks-text-maxi maxi-block maxi-text-block maxi-light text-maxi-8ded5215-u\" id=\"text-maxi-8ded5215-u\"><p class=\"maxi-text-block__content\">Erfahren Sie mehr \u00fcber unsere Investitionsstrategie und wie wir gemeinsam die technologische Landschaft revolutionieren k\u00f6nnen.<\/p><\/div>\n\n\n\n<div class=\"wp-block-maxi-blocks-text-maxi maxi-block maxi-text-block maxi-light text-maxi-1f0872de-u\" id=\"text-maxi-1f0872de-u\"><p class=\"maxi-text-block__content\"><\/p><\/div>\n<\/div>\n\n\n\n<div class=\"wp-block-maxi-blocks-column-maxi maxi-block maxi-column-block maxi-light column-maxi-b082d8f6-u\" id=\"column-maxi-b082d8f6-u\">\n<div class=\"wp-block-maxi-blocks-svg-icon-maxi maxi-block maxi-svg-icon-block maxi-light svg-icon-maxi-dcecf02b-u\" id=\"svg-icon-maxi-dcecf02b-u\"><div class=\"maxi-svg-icon-block__icon\"><svg class=\"brutalism-54-shape-maxi-svg__00b55b0a\"   viewBox=\"0 0 36.1 36.1\"><g data-fill fill=\"#ff4a17\"><path d=\"M12.259 23.144c.057 4.224 2.37 7.913 5.792 9.882a11.42 11.42 0 0 1-5.791 1.568A11.61 11.61 0 0 1 .656 22.991c0-4.281 2.332-8.028 5.792-10.015v.115c0 4.282 2.332 8.047 5.811 10.054z\"\/><use xlink:href=\"#brutalism-54-shape_B__svg-icon-maxi-dcecf02b-u\"\/><use xlink:href=\"#brutalism-54-shape_B__svg-icon-maxi-dcecf02b-u\"\/><path d=\"M35.444 22.991a11.61 11.61 0 0 1-11.602 11.602 11.42 11.42 0 0 1-5.791-1.568c3.421-1.969 5.734-5.658 5.791-9.882a11.63 11.63 0 0 0 5.791-10.054v-.134a11.53 11.53 0 0 1 5.811 10.035z\"\/><use xlink:href=\"#brutalism-54-shape_B__svg-icon-maxi-dcecf02b-u\"\/><path d=\"M23.842 11.408c-2.122 0-4.09.573-5.791 1.548a11.6 11.6 0 0 0-5.791-1.548 11.49 11.49 0 0 0-5.811 1.567C6.505 6.629 11.685 1.507 18.05 1.507S29.557 6.61 29.633 12.956c-1.701-.975-3.67-1.548-5.791-1.548z\"\/><\/g><defs ><path id=\"brutalism-54-shape_B__svg-icon-maxi-dcecf02b-u\" d=\"M23.842 22.991v.153c-1.701.975-3.689 1.548-5.791 1.548s-4.09-.573-5.791-1.548v-.153a11.55 11.55 0 0 1 5.791-10.035 11.55 11.55 0 0 1 5.791 10.035z\"\/><\/defs><\/svg><\/div><\/div>\n\n\n\n<div class=\"wp-block-maxi-blocks-text-maxi maxi-block maxi-text-block maxi-light text-maxi-6f0f832e-u\" id=\"text-maxi-6f0f832e-u\"><p class=\"maxi-text-block__content\">Product vision<\/p><\/div>\n\n\n\n<div class=\"wp-block-maxi-blocks-text-maxi maxi-block maxi-text-block maxi-light text-maxi-89e9aa34-u\" id=\"text-maxi-89e9aa34-u\"><p class=\"maxi-text-block__content\"><\/p><\/div>\n\n\n\n<div class=\"wp-block-maxi-blocks-text-maxi maxi-block maxi-text-block maxi-light text-maxi-6035f700-u\" id=\"text-maxi-6035f700-u\"><p class=\"maxi-text-block__content\">Unsere Vision ist es, durch den Einsatz modernster Technologien bahnbrechende Produkte zu entwickeln, die echten Mehrwert f\u00fcr Unternehmen und Endverbraucher bieten. Wir setzen auf massgeschneiderte L\u00f6sungen, die sowohl den aktuellen Bed\u00fcrfnissen als auch den zuk\u00fcnftigen Anforderungen der Branche gerecht werden.<\/p><\/div>\n\n\n\n<div class=\"wp-block-maxi-blocks-text-maxi maxi-block maxi-text-block maxi-light text-maxi-c43a4c06-u\" id=\"text-maxi-c43a4c06-u\"><p class=\"maxi-text-block__content\">Mit einem klaren Fokus auf Innovation und Benutzerfreundlichkeit wollen wir die digitale Transformation vorantreiben und unsere Produkte als Marktf\u00fchrer etablieren.<\/p><\/div>\n\n\n\n<div class=\"wp-block-maxi-blocks-text-maxi maxi-block maxi-text-block maxi-light text-maxi-61237298-u\" id=\"text-maxi-61237298-u\"><p class=\"maxi-text-block__content\"><\/p><\/div>\n<\/div>\n\n\n\n<div class=\"wp-block-maxi-blocks-column-maxi maxi-block maxi-column-block maxi-light column-maxi-f0276188-u\" id=\"column-maxi-f0276188-u\">\n<div class=\"wp-block-maxi-blocks-svg-icon-maxi maxi-block maxi-svg-icon-block maxi-light svg-icon-maxi-9b1bf1cf-u\" id=\"svg-icon-maxi-9b1bf1cf-u\"><div class=\"maxi-svg-icon-block__icon\"><svg class=\"brutalism-69-shape-maxi-svg__faa73802\"   viewBox=\"0 0 36.1 36.1\" data-fill fill=\"#ff4a17\"><path d=\"M25.67 25.67C15.864 35.476.295 35.805.295 35.805h35.51V.295S35.476 15.864 25.67 25.67z\"\/><path d=\"M35.805.295H.295v35.51S.624 20.236 10.43 10.43 35.805.295 35.805.295z\"\/><circle cx=\"18.05\" cy=\"18.05\" r=\"6.878\"\/><\/svg><\/div><\/div>\n\n\n\n<div class=\"wp-block-maxi-blocks-text-maxi maxi-block maxi-text-block maxi-light text-maxi-9e21dc62-u\" id=\"text-maxi-9e21dc62-u\"><p class=\"maxi-text-block__content\">Business strategy<\/p><\/div>\n\n\n\n<div class=\"wp-block-maxi-blocks-text-maxi maxi-block maxi-text-block maxi-light text-maxi-078883e6-u\" id=\"text-maxi-078883e6-u\"><p class=\"maxi-text-block__content\"><\/p><\/div>\n\n\n\n<div class=\"wp-block-maxi-blocks-text-maxi maxi-block maxi-text-block maxi-light text-maxi-e1a72801-u\" id=\"text-maxi-e1a72801-u\"><p class=\"maxi-text-block__content\">Unsere Gesch\u00e4ftsstrategie basiert auf nachhaltigem Wachstum und technologischer Exzellenz. Durch eine kontinuierliche Weiterentwicklung unserer Kernkompetenzen und die Identifikation von zukunftstr\u00e4chtigen M\u00e4rkten streben wir an, uns als f\u00fchrendes Unternehmen in der ICT-Branche zu positionieren. Wir setzen auf Partnerschaften, um Synergien zu schaffen, und auf agile Arbeitsmethoden, um flexibel auf die sich schnell \u00e4ndernden Bed\u00fcrfnisse des Marktes zu reagieren.<\/p><\/div>\n\n\n\n<div class=\"wp-block-maxi-blocks-text-maxi maxi-block maxi-text-block maxi-light text-maxi-be2c6fcd-u\" id=\"text-maxi-be2c6fcd-u\"><p class=\"maxi-text-block__content\">Unsere Strategie ist klar: Mit Innovation, Effizienz und einem kundenorientierten Ansatz wollen wir den Erfolg von morgen sichern.<\/p><\/div>\n\n\n\n<div class=\"wp-block-maxi-blocks-text-maxi maxi-block maxi-text-block maxi-light text-maxi-6de89182-u\" id=\"text-maxi-6de89182-u\"><p class=\"maxi-text-block__content\"><\/p><\/div>\n<\/div>\n<\/div>\n<\/div>\n\n\n\n<div class=\"wp-block-maxi-blocks-column-maxi maxi-block maxi-column-block maxi-light column-maxi-48cc3c43-u\" id=\"column-maxi-48cc3c43-u\">\n<figure class=\"wp-block-maxi-blocks-image-maxi maxi-block maxi-image-block maxi-light image-maxi-595a58fc-u\" id=\"image-maxi-595a58fc-u\"><div class=\"maxi-hover-preview maxi-image-block-wrapper maxi-image-block-wrapper--fit-parent-size\"><img loading=\"lazy\" decoding=\"async\" class=\"maxi-image-block__image wp-image-65\" src=\"https:\/\/a-bot.cloud\/wp-content\/uploads\/2025\/03\/sml-pro-85-1-1697921981-1040366556-1697921981-310875580.webp\" alt=\"sml-pro-85-1-1697921981-1040366556\" width=\"1655\" height=\"1330\" srcset=\"https:\/\/a-bot.cloud\/wp-content\/uploads\/2025\/03\/sml-pro-85-1-1697921981-1040366556-1697921981-310875580.webp 1655w, https:\/\/a-bot.cloud\/wp-content\/uploads\/2025\/03\/sml-pro-85-1-1697921981-1040366556-1697921981-310875580-300x241.webp 300w, https:\/\/a-bot.cloud\/wp-content\/uploads\/2025\/03\/sml-pro-85-1-1697921981-1040366556-1697921981-310875580-1024x823.webp 1024w, https:\/\/a-bot.cloud\/wp-content\/uploads\/2025\/03\/sml-pro-85-1-1697921981-1040366556-1697921981-310875580-768x617.webp 768w, https:\/\/a-bot.cloud\/wp-content\/uploads\/2025\/03\/sml-pro-85-1-1697921981-1040366556-1697921981-310875580-1536x1234.webp 1536w\" sizes=\"auto, (max-width: 1655px) 100vw, 1655px\" \/><\/div><\/figure>\n<\/div>\n<\/div>\n<\/section>\n","protected":false},"excerpt":{"rendered":"","protected":false},"author":1,"featured_media":0,"parent":0,"menu_order":0,"comment_status":"closed","ping_status":"closed","template":"","meta":{"_maxi_custom_js_header":"","_maxi_custom_js_footer":"","footnotes":""},"class_list":["post-30","page","type-page","status-publish","hentry"],"_links":{"self":[{"href":"https:\/\/a-bot.cloud\/index.php?rest_route=\/wp\/v2\/pages\/30","targetHints":{"allow":["GET"]}}],"collection":[{"href":"https:\/\/a-bot.cloud\/index.php?rest_route=\/wp\/v2\/pages"}],"about":[{"href":"https:\/\/a-bot.cloud\/index.php?rest_route=\/wp\/v2\/types\/page"}],"author":[{"embeddable":true,"href":"https:\/\/a-bot.cloud\/index.php?rest_route=\/wp\/v2\/users\/1"}],"replies":[{"embeddable":true,"href":"https:\/\/a-bot.cloud\/index.php?rest_route=%2Fwp%2Fv2%2Fcomments&post=30"}],"version-history":[{"count":10,"href":"https:\/\/a-bot.cloud\/index.php?rest_route=\/wp\/v2\/pages\/30\/revisions"}],"predecessor-version":[{"id":103,"href":"https:\/\/a-bot.cloud\/index.php?rest_route=\/wp\/v2\/pages\/30\/revisions\/103"}],"wp:attachment":[{"href":"https:\/\/a-bot.cloud\/index.php?rest_route=%2Fwp%2Fv2%2Fmedia&parent=30"}],"curies":[{"name":"wp","href":"https:\/\/api.w.org\/{rel}","templated":true}]}}